{"id":163,"date":"2020-04-16T11:04:10","date_gmt":"2020-04-16T11:04:10","guid":{"rendered":"http:\/\/wti.at\/?page_id=163"},"modified":"2021-08-31T07:56:31","modified_gmt":"2021-08-31T07:56:31","slug":"wir-fur-sie","status":"publish","type":"page","link":"https:\/\/wti.at\/en\/wir-fur-sie\/","title":{"rendered":"About Us"},"content":{"rendered":"<section id=\"section-174-163\" class=\" ct-section\" style=\"background-image: radial-gradient( circle farthest-corner, rgba(153,153,153,0.6), rgba(255,255,255,0.6)), url(http:\/\/wti.at\/wp-content\/uploads\/2020\/04\/header1.jpg);background-size:auto,  cover;\" ><div class=\"ct-section-inner-wrap\"><h1 id=\"headline-175-163\" class=\"ct-headline\">Wir f\u00fcr Sie<\/h1><\/div><\/section><section id=\"section-36-106\" class=\" ct-section\" ><div class=\"ct-section-inner-wrap\"><div id=\"div_block-37-106\" class=\"ct-div-block willkommen\" ><div id=\"div_block-43-106\" class=\"ct-div-block\" ><h2 id=\"headline-39-106\" class=\"ct-headline\">WTI - w\u00e4rmetechnische Industrieanlagen Ges.m.b.H.<br><\/h2><div id=\"text_block-40-106\" class=\"ct-text-block\" >Das Unternehmen wurde 1960 in Wien unter dem Namen GEKA \u2013 W\u00e4rmetechnik Alexander Rauch \u2013 Lewandowski gegr\u00fcndet und ist seit dieser Zeit erfolgreich am W\u00e4rmetechniksektor t\u00e4tig.<br><\/div><div id=\"text_block-177-163\" class=\"ct-text-block\" >Im Rahmen einer Standortverlegung nach P\u00f6chlarn im Jahre 1981 wurde der Firmenname in WTI \u2013 w\u00e4rmetechnische Industrieanlagen GesmbH umge\u00e4ndert.<br><\/div><div id=\"text_block-180-163\" class=\"ct-text-block\" >Zu unseren Aufgabengebieten z\u00e4hlen die Planung, die Fertigung und der Vertrieb von W\u00e4rmetr\u00e4ger\u00f6lkessel, Dampfkessel, Hei\u00dfwasserkessel, und Warmwasserkessel beheizt mit \u00d6l oder Gas, sowie Festbrennstoffkessel f\u00fcr Biomasse (erneuerbare Energie).<br><\/div><div id=\"text_block-181-163\" class=\"ct-text-block\" >Wir beliefern unsere Kunden sowohl mit einzelnen Anlagekomponenten, als auch mit Kompaktanlagen und schl\u00fcsselfertigen Anlagen.<br><\/div><div id=\"text_block-179-163\" class=\"ct-text-block\" >Durch unser erfahrenes Serviceteam k\u00f6nnen wir auch jede Art von Wartungsarbeiten, an eigenen Anlagen, aber auch an Fremdanlagen durchf\u00fchren.<br><\/div><img decoding=\"async\"  id=\"image-203-163\" alt=\"\" src=\"https:\/\/wti.at\/wp-content\/uploads\/2021\/08\/karl_michi_christoph1.jpg\" class=\"ct-image\" srcset-disabled=\"https:\/\/wti.at\/wp-content\/uploads\/2021\/08\/karl_michi_christoph1.jpg 1200w, https:\/\/wti.at\/wp-content\/uploads\/2021\/08\/karl_michi_christoph1-300x197.jpg 300w, https:\/\/wti.at\/wp-content\/uploads\/2021\/08\/karl_michi_christoph1-1024x671.jpg 1024w, https:\/\/wti.at\/wp-content\/uploads\/2021\/08\/karl_michi_christoph1-768x503.jpg 768w, https:\/\/wti.at\/wp-content\/uploads\/2021\/08\/karl_michi_christoph1-18x12.jpg 18w\" sizes=\"(max-width: 1200px) 100vw, 1200px\" \/><\/div><\/div><\/div><\/section><section id=\"section-145-106\" class=\" ct-section\" style=\"background-image:url(http:\/\/wti.at\/wp-content\/uploads\/2020\/04\/header14.jpg);background-size: cover;\" ><div class=\"ct-section-inner-wrap\"><\/div><\/section><section id=\"section-147-106\" class=\" ct-section\" ><div class=\"ct-section-inner-wrap\"><div id=\"div_block-152-106\" class=\"ct-div-block\" ><h3 id=\"headline-153-106\" class=\"ct-headline\">Unser Standort ist P\u00f6chlarn \u2013 unser Arbeitsplatz die Welt.<\/h3><div id=\"text_block-154-106\" class=\"ct-text-block\" >Seit circa 40 Jahren sind wir als Unternehmen der Kneifelgruppe in \u00d6sterreich und in den L\u00e4ndern Osteuropas wie Polen, Tschechien, Slowakei, Ungarn, Slowenien, Rum\u00e4nien, Kroatien und Bulgarien t\u00e4tig. Weiters f\u00fchren wir Exporte in fast alle L\u00e4nder der Welt durch.<br><\/div><div id=\"text_block-198-163\" class=\"ct-text-block\" >Wenn es um <b>W\u00e4rmeversorgung nach Ma\u00df <\/b>geht, stehen Ihnen gerne f\u00fcr Anfragen zur Verf\u00fcgung.<\/div><div id=\"div_block-160-106\" class=\"ct-div-block\" ><a id=\"link_button-158-106\" class=\"ct-link-button button2\" href=\"mailto:office@wti.at\"   >Ihre Anfrage<\/a><a id=\"link_button-159-106\" class=\"ct-link-button button1\" href=\"https:\/\/wti.at\/kontakt\/\"   >Jetzt termin vereinbaren<\/a><\/div><\/div><div id=\"div_block-200-163\" class=\"ct-div-block\" ><h4 id=\"headline-201-163\" class=\"ct-headline\">Historie:<br><\/h4><div id=\"text_block-202-163\" class=\"ct-text-block\" ><b>1981<br><\/b>Gr\u00fcndung der Firma WTI als Nachfolger der Firma \u201eGEKA- W\u00e4rmetechnik Alexander Rauch Lewandowski\u201c als Vertriebsb\u00fcro f\u00fcr \u00d6sterreich und dessen Nachbarstaaten<br><br><b>1989<br><\/b>\u00dcbernahme der Firma CEKA-Himberg<br><br>\u00dcbernahme des Servicedienstes f\u00fcr die GEKA-Anlagen<br><br>Beginn eigener Schaltschrankbau<br><br><b>1997<\/b><br>\u00dcbersiedelung an den neuen Anlagenstandort in P\u00f6chlarn<br><br><b>1999<br><\/b>Entwicklung BOSB 24 h f\u00fcr Schnelldampferzeuger Fabr. WTI \u2013 Abnahme durch T\u00dcV Austria<br><br><b>2007<\/b><br>Kesselfolgeschaltung f\u00fcr W\u00e4rmetr\u00e4ger\u00f6lkessel<br><br><b>2009<\/b><br>Forschungsprojekt inkl. Aufbau einer Musteranlage gemeinsam mit der TU-Wien und dem B\u00fcro Federspiel zur Entwicklung von dezentralen Energiegewinnungslagen mit nat\u00fcrlichen Brennstoffen<br><br><b>2010<br><\/b>Auslieferung des gr\u00f6\u00dften W\u00e4rmetr\u00e4ger\u00f6lkessels<br><br><b>2011<\/b><br>Schnelldampferzeuger mit modulierender Regelung<br><br><b>2016<\/b><br>Weiterentwicklung BOSB 72 h f\u00fcr Schnelldampferzeuger Fabr. WTI \u2013 Abnahme durch T\u00dcV Austria<br><br><b>2017<\/b><br>Inbetriebnahme Filterstation f\u00fcr W\u00e4rmetr\u00e4ger\u00f6l<br><br>Inbetriebnahme eines \u201eenergieautarken\u201c Elektrow\u00e4rmetr\u00e4ger\u00f6lkessels<br><br><b>2019<\/b><br>unser Kunde \u2013 B\u00e4ckerei Deiser \u2013 gewinnt den \u201eAustria Solar Preis\u201c \u2013 Industrie<br><br>Konzept Sicherheitskette \u201eSike\u201c f\u00fcr W\u00e4rmetr\u00e4ger\u00f6lkessel durch T\u00dcV Austria abgenommen zur Erleichterung der Baugruppenabnahmen bei W\u00e4rmetr\u00e4ger\u00f6lanlagen<\/div><\/div><\/div><\/section>            <div tabindex=\"-1\" class=\"oxy-modal-backdrop center \"\n                style=\"background-color: rgba(0,0,0,0.75);\"\n                data-trigger=\"user_clicks_element\"                data-trigger-selector=\"\"                data-trigger-time=\"5\"                data-trigger-time-unit=\"seconds\"                data-close-automatically=\"no\"                data-close-after-time=\"10\"                data-close-after-time-unit=\"seconds\"                data-trigger_scroll_amount=\"50\"                data-trigger_scroll_direction=\"down\"\t            data-scroll_to_selector=\"\"\t            data-time_inactive=\"60\"\t            data-time-inactive-unit=\"seconds\"\t            data-number_of_clicks=\"3\"\t            data-close_on_esc=\"on\"\t            data-number_of_page_views=\"3\"                data-close-after-form-submit=\"no\"                data-open-again=\"always_show\"                data-open-again-after-days=\"3\"            >\n\n                <div id=\"modal-167-106\" class=\"ct-modal\" ><div id=\"shortcode-173-106\" class=\"ct-shortcode\" >[weforms id=\"152\"]<\/div><\/div>\n            <\/div>\n        \n\n\n<p><\/p>\n\n\n\n<div class=\"wp-block-columns is-layout-flex wp-container-core-columns-is-layout-1 wp-block-columns-is-layout-flex\">\n<div class=\"wp-block-column is-layout-flow wp-block-column-is-layout-flow\" style=\"flex-basis:100%\"><\/div>\n<\/div>\n","protected":false},"excerpt":{"rendered":"","protected":false},"author":1,"featured_media":0,"parent":0,"menu_order":0,"comment_status":"closed","ping_status":"closed","template":"","meta":{"footnotes":""},"categories":[],"tags":[],"folder":[47],"_links":{"self":[{"href":"https:\/\/wti.at\/en\/wp-json\/wp\/v2\/pages\/163"}],"collection":[{"href":"https:\/\/wti.at\/en\/wp-json\/wp\/v2\/pages"}],"about":[{"href":"https:\/\/wti.at\/en\/wp-json\/wp\/v2\/types\/page"}],"author":[{"embeddable":true,"href":"https:\/\/wti.at\/en\/wp-json\/wp\/v2\/users\/1"}],"replies":[{"embeddable":true,"href":"https:\/\/wti.at\/en\/wp-json\/wp\/v2\/comments?post=163"}],"version-history":[{"count":0,"href":"https:\/\/wti.at\/en\/wp-json\/wp\/v2\/pages\/163\/revisions"}],"wp:attachment":[{"href":"https:\/\/wti.at\/en\/wp-json\/wp\/v2\/media?parent=163"}],"wp:term":[{"taxonomy":"category","embeddable":true,"href":"https:\/\/wti.at\/en\/wp-json\/wp\/v2\/categories?post=163"},{"taxonomy":"post_tag","embeddable":true,"href":"https:\/\/wti.at\/en\/wp-json\/wp\/v2\/tags?post=163"},{"taxonomy":"folder","embeddable":true,"href":"https:\/\/wti.at\/en\/wp-json\/wp\/v2\/folder?post=163"}],"curies":[{"name":"wp","href":"https:\/\/api.w.org\/{rel}","templated":true}]}}