{"id":192,"date":"2020-04-29T12:10:00","date_gmt":"2020-04-29T12:10:00","guid":{"rendered":"http:\/\/wti.at\/?page_id=192"},"modified":"2021-08-31T07:12:42","modified_gmt":"2021-08-31T07:12:42","slug":"warmetragerolkessel-typ-wtoe-2","status":"publish","type":"page","link":"https:\/\/wti.at\/en\/warmetragerolkessel\/warmetragerolkessel-typ-wtoe-2\/","title":{"rendered":"WTOE (Gas\/\u00d6l befeuert)"},"content":{"rendered":"<section id=\"section-212-192\" class=\" ct-section\" style=\"background-image: radial-gradient( circle farthest-corner, rgba(153,153,153,0.6), rgba(255,255,255,0.6)), url(http:\/\/wti.at\/wp-content\/uploads\/2020\/04\/header1.jpg);background-size:auto,  cover;\" ><div class=\"ct-section-inner-wrap\"><h1 id=\"headline-213-192\" class=\"ct-headline\">W\u00e4rmetr\u00e4ger\u00f6lkessel<\/h1><\/div><\/section><section id=\"section-4-192\" class=\" ct-section\" ><div class=\"ct-section-inner-wrap\"><h2 id=\"headline-5-192\" class=\"ct-headline\">Typ WTOE<br><\/h2><div id=\"text_block-6-192\" class=\"ct-text-block text_block\" >Der WTI-W\u00e4rmetr\u00e4ger\u00f6lkessel ist ein reiner Rohrkessel, der f\u00fcr organische und synthetische W\u00e4rmetr\u00e4ger\u00f6le sowie auch f\u00fcr Hei\u00dfwasser konstruiert ist. Eine gro\u00df dimensionierte Brennkammer gew\u00e4hrleistet eine gute Verbrennung und dadurch auch beste Abgaswerte.<br><\/div><h4 id=\"headline-7-192\" class=\"ct-headline\">Bauformen<\/h4><div id=\"text_block-8-192\" class=\"ct-text-block text_block\" >Der WTI-W\u00e4rmetr\u00e4ger\u00f6lkessel kann in liegender Ausf\u00fchrung und stehender Ausf\u00fchrung geliefert werden.<br><\/div><div id=\"shortcode-220-192\" class=\"ct-shortcode\" >Cannot find grid information<\/div><h4 id=\"headline-18-192\" class=\"ct-headline\">Vorteile<\/h4><div id=\"text_block-19-192\" class=\"ct-text-block text_block\" >Die lange Lebensdauer der Anlage ist durch den Einsatz des W\u00e4rmetr\u00e4ger\u00f6les garantiert.<br><\/div><div id=\"text_block-20-192\" class=\"ct-text-block text_block\" >Korrosion ist kein Thema, denn bei W\u00e4rmetr\u00e4ger\u00f6lanlagen kann im Inneren durch die Verwendung von \u00d6l kein Rost entstehen. Im Au\u00dfenbereich wird auch bei der Verwendung von verschiedenen Brennstoffen der Taupunkt nicht unterschritten.<br><\/div><div id=\"text_block-21-192\" class=\"ct-text-block text_block\" >Minimaler Verschleiss, da auf die feuerfeste Ausmauerung verzichtet wird, indem die Brennkammer fast g\u00e4nzlich durch die Rohrheizfl\u00e4chen gek\u00fchlt wird.<br><\/div><div id=\"text_block-32-192\" class=\"ct-text-block text_block\" >Wirkungsgrade \u00fcber 92% werden durch den Einbau von Verbrennungsvorw\u00e4rmern und W\u00e4rmetauschern erreicht. Sie dienen der Anhebung der R\u00fccklauftemperatur bzw. der Beheizung von anlagenseitigen Wassersystemen.<br><\/div><div id=\"text_block-34-192\" class=\"ct-text-block text_block\" >Sicherheit: Die eingesetzten Regel-, Sicherheits- und \u00dcberwachungseinrichtungen sind baumustergepr\u00fcft und bew\u00e4hren sich seit langer Zeit im Einsatz. Ein wesentliches Sicherungselement ist die durchflussabh\u00e4ngige Str\u00f6mungssicherung, die ein Unterschreiten der mindest notwendigen Durchflussmenge durch den Kessel verhindert.<br><\/div><div id=\"text_block-36-192\" class=\"ct-text-block text_block\" ><div>Nahezu drucklos: Werden W\u00e4rmetr\u00e4ger\u00f6lanlagen bei Temperaturen von 300\u00b0C betrieben, mit geringen \u00dcberdr\u00fccken sogar bis zu 400\u00b0C. Der Betrieb ist auch in der Dampfphase m\u00f6glich.<\/div><div><br><\/div><div>Kesselfolgeschaltung: ab zwei W\u00e4rmetr\u00e4ger\u00f6lkessel erfolgt eine automatische Zu- und Abschaltung der Kessel je nach ben\u00f6tigter Leistung.<br><\/div><\/div><h4 id=\"headline-22-192\" class=\"ct-headline\">Dienstleistungen<br><\/h4><div id=\"_rich_text-40-192\" class=\"oxy-rich-text\" ><ul><li>Planung kompletter Heizanlagen bzw. Heizzentralen<\/li><li>Unterst\u00fctzung bei den zust\u00e4ndigen Beh\u00f6rden<\/li><li>Kesselservice, Brennerservice, Emissionsmessungen<\/li><\/ul><\/div><h4 id=\"headline-41-192\" class=\"ct-headline\">Montage<br><\/h4><div id=\"text_block-42-192\" class=\"ct-text-block text_block\" >W\u00e4rmetr\u00e4ger\u00f6lanlagen werden auf Wunsch anschlussfertig, z.B. in einem Normcontainer oder auf gemeinsamen Grundrahmen zum sofortigen Aufstellen am Montageort vorgefertigt, geliefert. Dieses Konzept offeriert den flexiblen und raschen Einsatz vor Ort und reduziert die baulichen Vorarbeiten f\u00fcr den Kunden auf ein Minimum.<br><\/div><div id=\"shortcode-216-192\" class=\"ct-shortcode\" >Cannot find grid information<\/div><h3 id=\"headline-46-192\" class=\"ct-headline\">WTOE - Ausf\u00fchrung als Hei\u00dfwasserkessel<br><\/h3><div id=\"text_block-47-192\" class=\"ct-text-block text_block\" >Hier gelten die gleichen Anwendungsgebiete wie beim WTI - W\u00e4rmetr\u00e4ger\u00f6lkessel. Die Temperaturspreizung beim Betrieb mit Hei\u00dfwasser betr\u00e4gt 10\u00b0C bzw. 12,5\u00b0C oder 20\u00b0C, die maximale Vorlauftemperatur 220\u00b0C.<br><\/div><h4 id=\"headline-48-192\" class=\"ct-headline\">Einsatzgebiete<br><\/h4><div id=\"_rich_text-49-192\" class=\"oxy-rich-text\" ><ul><li>Apparaten<\/li><li>Beh\u00e4ltern<\/li><li>Pressenanlagen<\/li><li>Dampferzeugern<\/li><li>Autoklaven<\/li><li>Maschinen<\/li><li>Bauwerken<\/li><\/ul><\/div><div id=\"text_block-53-192\" class=\"ct-text-block text_block\" >F\u00fcr die Beheizung der W\u00e4rmetr\u00e4ger\u00f6lkessel bietet sich einerseits eine direkte M\u00f6glichkeit der Beheizung mittels Heiz\u00f6l Extra-Leicht, Mittel\u00f6l, Schwer\u00f6l, Alt\u00f6l, fester Brennstoffe wie Kohle, Biomasse-Holz, S\u00e4gesp\u00e4ne, etc., Erdgas, Stadtgas, Biogas - , elektrischer Widerstandsheizung, andererseits eine indirekte Beheizung mittels Fl\u00fcssigkeiten, Abgase, Abw\u00e4rme und Dampf. F\u00fcr alle diese Beheizungsarten bietet WTI L\u00f6sungsm\u00f6glichkeiten an.<br><\/div><div id=\"shortcode-206-192\" class=\"ct-shortcode\" ><style type=\"text\/css\" id=\"supsystic-table-2_64702-css\">#supsystic-table-2_wrapper table { border-collapse: collapse; }#supsystic-table-2_wrapper table.stripe tbody tr.even { }#supsystic-table-2_wrapper table.stripe.order-column tbody tr > .sorting_1 { }#supsystic-table-2_wrapper table.hover tbody tr:hover { }#supsystic-table-2_wrapper table.stripe.order-column tbody tr.even > .sorting_1 { }#supsystic-table-2_wrapper table.order-column tbody tr > .sorting_1 { }#supsystic-table-2_wrapper table.hover.order-column tbody tr:hover > .sorting_1 { }#supsystic-table-2_wrapper tbody td { background-color: inherit; }#supsystic-table-2_wrapper .dataTables_paginate { float: none; text-align: left; }#supsystic-table-2_wrapper th { background-color: rgb(238, 238, 238) !important; }#supsystic-table-2 th, #supsystic-table-2 td { vertical-align: top; text-align: left; }\n<\/style>\n<div class=\"supsystic-table-loader la-ball-newton-cradle la-2x\" style=\"color:#000000\"><div><\/div><div><\/div><div><\/div><div><\/div><\/div><div id=\"supsystic-table-2_64702\" class=\"supsystic-tables-wrap \" style=\" width:100%; visibility: hidden; \" data-table-width-fixed=\"100%\" data-table-width-mobile=\"100%\" ><table id=\"supsystic-table-2\" class=\"supsystic-table paragraphMode border hover lightboxImg no-border\" data-id=\"2\" data-view-id=\"2_64702\" data-title=\"W\u00e4rmetr\u00e4ger\u00f6lkessel:Typ WTOE\" data-currency-format=\"$1.000,00\" data-percent-format=\"10.00%\" data-date-format=\"DD.MM.YYYY\" data-time-format=\"HH:mm\" data-features=\"[&quot;after_table_loaded_script&quot;]\" data-search-value=\"\" data-lightbox-img=\"\" data-head-rows-count=\"2\" data-pagination-length=\"50,100,All\" data-auto-index=\"off\" data-searching-settings=\"{&quot;columnSearchPosition&quot;:&quot;bottom&quot;,&quot;minChars&quot;:&quot;0&quot;}\" data-lang=\"German\" data-override=\"{&quot;emptyTable&quot;:&quot;&quot;,&quot;info&quot;:&quot;&quot;,&quot;infoEmpty&quot;:&quot;&quot;,&quot;infoFiltered&quot;:&quot;&quot;,&quot;lengthMenu&quot;:&quot;&quot;,&quot;search&quot;:&quot;&quot;,&quot;zeroRecords&quot;:&quot;&quot;,&quot;exportLabel&quot;:&quot;&quot;,&quot;file&quot;:&quot;German&quot;}\" data-merged=\"[{&quot;row&quot;:0,&quot;col&quot;:0,&quot;rowspan&quot;:1,&quot;colspan&quot;:4,&quot;removed&quot;:false}]\" data-responsive-mode=\"2\" data-from-history=\"0\" ><thead><tr><th class=\"\" style=\"width:; padding: 0 !important;\"><\/th><th class=\"\" style=\"width:; padding: 0 !important;\"><\/th><th class=\"\" style=\"width:; padding: 0 !important;\"><\/th><th class=\"\" style=\"width:; padding: 0 !important;\"><\/th><\/tr><\/thead><tbody><tr style=\"height:px\" ><td data-cell-id=\"A1\" data-x=\"0\" data-y=\"1\" data-db-index=\"1\" class=\"bold bg-eeeeee\" data-cell-type=\"text\" data-original-value=\"Typenabstufung\" data-order=\"Typenabstufung\" style=\"min-width:25%; width:25%;\" data-colspan=\"4\" data-rowspan=\"1\" >Typenabstufung <\/td><td data-cell-id=\"B1\" data-x=\"1\" data-y=\"1\" data-db-index=\"1\" class=\"bold bg-eeeeee\" data-cell-type=\"text\" data-original-value=\"\" data-order=\"\" style=\"min-width:25%; width:25%;\" data-hide=\"true\" ><\/td><td data-cell-id=\"C1\" data-x=\"2\" data-y=\"1\" data-db-index=\"1\" class=\"bg-eeeeee\" data-cell-type=\"text\" data-original-value=\"\" data-order=\"\" style=\"min-width:25%; width:25%;\" data-hide=\"true\" ><\/td><td data-cell-id=\"D1\" data-x=\"3\" data-y=\"1\" data-db-index=\"1\" class=\"bg-eeeeee\" data-cell-type=\"text\" data-original-value=\"\" data-order=\"\" style=\"min-width:25%; width:25%;\" data-hide=\"true\" ><\/td><\/tr><tr style=\"height:px\" ><td data-cell-id=\"A2\" data-x=\"0\" data-y=\"2\" data-db-index=\"2\" class=\"bold bg-eeeeee\" data-cell-type=\"text\" data-original-value=\"WTOE\" data-order=\"WTOE\" >WTOE <\/td><td data-cell-id=\"B2\" data-x=\"1\" data-y=\"2\" data-db-index=\"2\" class=\"bold bg-eeeeee\" data-cell-type=\"text\" data-original-value=\"Maximale W\u00e4rmeleistung\" data-order=\"Maximale W\u00e4rmeleistung\" >Maximale W\u00e4rmeleistung <\/td><td data-cell-id=\"C2\" data-x=\"2\" data-y=\"2\" data-db-index=\"2\" class=\"bold bg-eeeeee\" data-cell-type=\"text\" data-original-value=\"WTOE\" data-order=\"WTOE\" >WTOE <\/td><td data-cell-id=\"D2\" data-x=\"3\" data-y=\"2\" data-db-index=\"2\" class=\"bold bg-eeeeee\" data-cell-type=\"text\" data-original-value=\"Maximale W\u00e4rmeleistung\" data-order=\"Maximale W\u00e4rmeleistung\" >Maximale W\u00e4rmeleistung <\/td><\/tr><tr style=\"height:px\" ><td data-cell-id=\"A3\" data-x=\"0\" data-y=\"3\" data-db-index=\"3\" class=\"\" data-cell-type=\"text\" data-original-value=\"0,115\" data-order=\"0,115\" >0,115 <\/td><td data-cell-id=\"B3\" data-x=\"1\" data-y=\"3\" data-db-index=\"3\" class=\"\" data-cell-type=\"text\" data-cell-format-type=\"number\" data-original-value=\"115kW\" data-order=\"115kW\" >115kW <\/td><td data-cell-id=\"C3\" data-x=\"2\" data-y=\"3\" data-db-index=\"3\" class=\"\" data-cell-type=\"text\" data-original-value=\"2,3\" data-order=\"2,3\" >2,3 <\/td><td data-cell-id=\"D3\" data-x=\"3\" data-y=\"3\" data-db-index=\"3\" class=\"\" data-cell-type=\"text\" data-cell-format-type=\"number\" data-original-value=\"2300kW\" data-order=\"2300kW\" >2300kW <\/td><\/tr><tr style=\"height:px\" ><td data-cell-id=\"A4\" data-x=\"0\" data-y=\"4\" data-db-index=\"4\" class=\"\" data-cell-type=\"text\" data-original-value=\"0,175\" data-order=\"0,175\" >0,175 <\/td><td data-cell-id=\"B4\" data-x=\"1\" data-y=\"4\" data-db-index=\"4\" class=\"\" data-cell-type=\"text\" data-cell-format-type=\"number\" data-original-value=\"175kW\" data-order=\"175kW\" >175kW <\/td><td data-cell-id=\"C4\" data-x=\"2\" data-y=\"4\" data-db-index=\"4\" class=\"\" data-cell-type=\"text\" data-original-value=\"3,0\" data-order=\"3,0\" >3,0 <\/td><td data-cell-id=\"D4\" data-x=\"3\" data-y=\"4\" data-db-index=\"4\" class=\"\" data-cell-type=\"text\" data-cell-format-type=\"number\" data-original-value=\"3000kW\" data-order=\"3000kW\" >3000kW <\/td><\/tr><tr style=\"height:px\" ><td data-cell-id=\"A5\" data-x=\"0\" data-y=\"5\" data-db-index=\"5\" class=\"\" data-cell-type=\"text\" data-original-value=\"0,235\" data-order=\"0,235\" >0,235 <\/td><td data-cell-id=\"B5\" data-x=\"1\" data-y=\"5\" data-db-index=\"5\" class=\"\" data-cell-type=\"text\" data-cell-format-type=\"number\" data-original-value=\"235kW\" data-order=\"235kW\" >235kW <\/td><td data-cell-id=\"C5\" data-x=\"2\" data-y=\"5\" data-db-index=\"5\" class=\"\" data-cell-type=\"text\" data-original-value=\"3,5\" data-order=\"3,5\" >3,5 <\/td><td data-cell-id=\"D5\" data-x=\"3\" data-y=\"5\" data-db-index=\"5\" class=\"\" data-cell-type=\"text\" data-cell-format-type=\"number\" data-original-value=\"3500kW\" data-order=\"3500kW\" >3500kW <\/td><\/tr><tr style=\"height:px\" ><td data-cell-id=\"A6\" data-x=\"0\" data-y=\"6\" data-db-index=\"6\" class=\"\" data-cell-type=\"text\" data-original-value=\"0,45\" data-order=\"0,45\" >0,45 <\/td><td data-cell-id=\"B6\" data-x=\"1\" data-y=\"6\" data-db-index=\"6\" class=\"\" data-cell-type=\"text\" data-cell-format-type=\"number\" data-original-value=\"450kW\" data-order=\"450kW\" >450kW <\/td><td data-cell-id=\"C6\" data-x=\"2\" data-y=\"6\" data-db-index=\"6\" class=\"\" data-cell-type=\"text\" data-original-value=\"4,6\" data-order=\"4,6\" >4,6 <\/td><td data-cell-id=\"D6\" data-x=\"3\" data-y=\"6\" data-db-index=\"6\" class=\"\" data-cell-type=\"text\" data-cell-format-type=\"number\" data-original-value=\"4600kW\" data-order=\"4600kW\" >4600kW <\/td><\/tr><tr style=\"height:px\" ><td data-cell-id=\"A7\" data-x=\"0\" data-y=\"7\" data-db-index=\"7\" class=\"\" data-cell-type=\"text\" data-original-value=\"0,7\" data-order=\"0,7\" >0,7 <\/td><td data-cell-id=\"B7\" data-x=\"1\" data-y=\"7\" data-db-index=\"7\" class=\"\" data-cell-type=\"text\" data-cell-format-type=\"number\" data-original-value=\"700kW\" data-order=\"700kW\" >700kW <\/td><td data-cell-id=\"C7\" data-x=\"2\" data-y=\"7\" data-db-index=\"7\" class=\"\" data-cell-type=\"text\" data-original-value=\"5,8\" data-order=\"5,8\" >5,8 <\/td><td data-cell-id=\"D7\" data-x=\"3\" data-y=\"7\" data-db-index=\"7\" class=\"\" data-cell-type=\"text\" data-cell-format-type=\"number\" data-original-value=\"5800kW\" data-order=\"5800kW\" >5800kW <\/td><\/tr><tr style=\"height:px\" ><td data-cell-id=\"A8\" data-x=\"0\" data-y=\"8\" data-db-index=\"8\" class=\"\" data-cell-type=\"text\" data-original-value=\"1,0\" data-order=\"1,0\" >1,0 <\/td><td data-cell-id=\"B8\" data-x=\"1\" data-y=\"8\" data-db-index=\"8\" class=\"\" data-cell-type=\"text\" data-cell-format-type=\"number\" data-original-value=\"100kW\" data-order=\"100kW\" >100kW <\/td><td data-cell-id=\"C8\" data-x=\"2\" data-y=\"8\" data-db-index=\"8\" class=\"\" data-cell-type=\"text\" data-original-value=\"7,0\" data-order=\"7,0\" >7,0 <\/td><td data-cell-id=\"D8\" data-x=\"3\" data-y=\"8\" data-db-index=\"8\" class=\"\" data-cell-type=\"text\" data-cell-format-type=\"number\" data-original-value=\"7000kW\" data-order=\"7000kW\" >7000kW <\/td><\/tr><tr style=\"height:px\" ><td data-cell-id=\"A9\" data-x=\"0\" data-y=\"9\" data-db-index=\"9\" class=\"\" data-cell-type=\"text\" data-original-value=\"1,25\" data-order=\"1,25\" >1,25 <\/td><td data-cell-id=\"B9\" data-x=\"1\" data-y=\"9\" data-db-index=\"9\" class=\"\" data-cell-type=\"text\" data-cell-format-type=\"number\" data-original-value=\"1250kW\" data-order=\"1250kW\" >1250kW <\/td><td data-cell-id=\"C9\" data-x=\"2\" data-y=\"9\" data-db-index=\"9\" class=\"\" data-cell-type=\"text\" data-original-value=\"8,1\" data-order=\"8,1\" >8,1 <\/td><td data-cell-id=\"D9\" data-x=\"3\" data-y=\"9\" data-db-index=\"9\" class=\"\" data-cell-type=\"text\" data-cell-format-type=\"number\" data-original-value=\"8100kW\" data-order=\"8100kW\" >8100kW <\/td><\/tr><tr style=\"height:px\" ><td data-cell-id=\"A10\" data-x=\"0\" data-y=\"10\" data-db-index=\"10\" class=\"\" data-cell-type=\"text\" data-original-value=\"1,5\" data-order=\"1,5\" >1,5 <\/td><td data-cell-id=\"B10\" data-x=\"1\" data-y=\"10\" data-db-index=\"10\" class=\"\" data-cell-type=\"text\" data-cell-format-type=\"number\" data-original-value=\"1500kW\" data-order=\"1500kW\" >1500kW <\/td><td data-cell-id=\"C10\" data-x=\"2\" data-y=\"10\" data-db-index=\"10\" class=\"\" data-cell-type=\"text\" data-original-value=\"9,3\" data-order=\"9,3\" >9,3 <\/td><td data-cell-id=\"D10\" data-x=\"3\" data-y=\"10\" data-db-index=\"10\" class=\"\" data-cell-type=\"text\" data-cell-format-type=\"number\" data-original-value=\"9300kW\" data-order=\"9300kW\" >9300kW <\/td><\/tr><tr style=\"height:px\" ><td data-cell-id=\"A11\" data-x=\"0\" data-y=\"11\" data-db-index=\"11\" class=\"\" data-cell-type=\"text\" data-original-value=\"1,75\" data-order=\"1,75\" >1,75 <\/td><td data-cell-id=\"B11\" data-x=\"1\" data-y=\"11\" data-db-index=\"11\" class=\"\" data-cell-type=\"text\" data-cell-format-type=\"number\" data-original-value=\"1750kW\" data-order=\"1750kW\" >1750kW <\/td><td data-cell-id=\"C11\" data-x=\"2\" data-y=\"11\" data-db-index=\"11\" class=\"\" data-cell-type=\"text\" data-original-value=\"11,0\" data-order=\"11,0\" >11,0 <\/td><td data-cell-id=\"D11\" data-x=\"3\" data-y=\"11\" data-db-index=\"11\" class=\"\" data-cell-type=\"text\" data-cell-format-type=\"number\" data-original-value=\"11000kW\" data-order=\"11000kW\" >11000kW <\/td><\/tr><tr style=\"height:px\" ><td data-cell-id=\"A12\" data-x=\"0\" data-y=\"12\" data-db-index=\"12\" class=\"\" data-cell-type=\"text\" data-original-value=\"2,1\" data-order=\"2,1\" >2,1 <\/td><td data-cell-id=\"B12\" data-x=\"1\" data-y=\"12\" data-db-index=\"12\" class=\"\" data-cell-type=\"text\" data-cell-format-type=\"number\" data-original-value=\"2100kW\" data-order=\"2100kW\" >2100kW <\/td><td data-cell-id=\"C12\" data-x=\"2\" data-y=\"12\" data-db-index=\"12\" class=\"\" data-cell-type=\"text\" data-original-value=\"21,0\" data-order=\"21,0\" >21,0 <\/td><td data-cell-id=\"D12\" data-x=\"3\" data-y=\"12\" data-db-index=\"12\" class=\"\" data-cell-type=\"text\" data-cell-format-type=\"number\" data-original-value=\"21000kW\" data-order=\"21000kW\" >21000kW <\/td><\/tr><\/tbody><\/table><!-- \/#supsystic-table-2.supsystic-table --><\/div><!-- \/.supsystic-tables-wrap --><!-- Tables Generator by Supsystic --><!-- Version:1.11.0 --><!-- http:\/\/supsystic.com\/ --><a title=\"WordPress Tables Plugin\" style=\"display:none;\" href=\"https:\/\/supsystic.com\/plugins\/wordpress-data-table-plugin\/?utm_medium=love_link\" target=\"_blank\">WordPress Tables Plugin<\/a><\/div><\/div><\/section>","protected":false},"excerpt":{"rendered":"","protected":false},"author":1,"featured_media":0,"parent":577,"menu_order":1,"comment_status":"closed","ping_status":"closed","template":"","meta":{"footnotes":""},"categories":[9],"tags":[],"folder":[46],"_links":{"self":[{"href":"https:\/\/wti.at\/en\/wp-json\/wp\/v2\/pages\/192"}],"collection":[{"href":"https:\/\/wti.at\/en\/wp-json\/wp\/v2\/pages"}],"about":[{"href":"https:\/\/wti.at\/en\/wp-json\/wp\/v2\/types\/page"}],"author":[{"embeddable":true,"href":"https:\/\/wti.at\/en\/wp-json\/wp\/v2\/users\/1"}],"replies":[{"embeddable":true,"href":"https:\/\/wti.at\/en\/wp-json\/wp\/v2\/comments?post=192"}],"version-history":[{"count":0,"href":"https:\/\/wti.at\/en\/wp-json\/wp\/v2\/pages\/192\/revisions"}],"up":[{"embeddable":true,"href":"https:\/\/wti.at\/en\/wp-json\/wp\/v2\/pages\/577"}],"wp:attachment":[{"href":"https:\/\/wti.at\/en\/wp-json\/wp\/v2\/media?parent=192"}],"wp:term":[{"taxonomy":"category","embeddable":true,"href":"https:\/\/wti.at\/en\/wp-json\/wp\/v2\/categories?post=192"},{"taxonomy":"post_tag","embeddable":true,"href":"https:\/\/wti.at\/en\/wp-json\/wp\/v2\/tags?post=192"},{"taxonomy":"folder","embeddable":true,"href":"https:\/\/wti.at\/en\/wp-json\/wp\/v2\/folder?post=192"}],"curies":[{"name":"wp","href":"https:\/\/api.w.org\/{rel}","templated":true}]}}