{"id":209,"date":"2020-05-05T02:02:27","date_gmt":"2020-05-05T02:02:27","guid":{"rendered":"http:\/\/wti.at\/?page_id=209"},"modified":"2021-08-31T07:28:22","modified_gmt":"2021-08-31T07:28:22","slug":"elektrodampferzeuger-typ-ede","status":"publish","type":"page","link":"https:\/\/wti.at\/en\/produkte\/elektrodampferzeuger-typ-ede\/","title":{"rendered":"Electric Heated Steam Generator"},"content":{"rendered":"<section id=\"section-106-209\" class=\"ct-section\" style=\"background-image: radial-gradient( circle farthest-corner, rgba(153,153,153,0.6), rgba(255,255,255,0.6)), url(http:\/\/wti.at\/wp-content\/uploads\/2020\/04\/header1.jpg);background-size:auto,  cover;\" ><div class=\"ct-section-inner-wrap\"><h1 id=\"headline-107-209\" class=\"ct-headline\">Electric Heated Steam Generator<\/h1><\/div><\/section><section id=\"section-3-209\" class=\"ct-section\" ><div class=\"ct-section-inner-wrap\"><h2 id=\"headline-2-209\" class=\"ct-headline\">Type EDE<br><\/h2><h4 id=\"headline-5-209\" class=\"ct-headline\">A Steam Generator with with numerous advantages!<br><\/h4><h5 id=\"headline-6-209\" class=\"ct-headline body_headline\">No foundations required<br><\/h5><div id=\"text_block-7-209\" class=\"ct-text-block text_block\" >Fully automatic Steam Boiler in compact construction, no foundations required.<br><\/div><h5 id=\"headline-8-209\" class=\"ct-headline body_headline\">No flue required<br><\/h5><div id=\"text_block-9-209\" class=\"ct-text-block text_block\" >Kein Rauchgasabzug erforderlich, da das Ger\u00e4t ausschlie\u00dflich elektrisch betrieben wird.<br><\/div><h5 id=\"headline-10-209\" class=\"ct-headline body_headline\">Easy installation<br><\/h5><div id=\"text_block-11-209\" class=\"ct-text-block text_block\" >Only needs to be connected to water-, steam- and electric circuits.<br><\/div><h5 id=\"headline-12-209\" class=\"ct-headline body_headline\">Operation near habitable rooms<br><\/h5><div id=\"text_block-13-209\" class=\"ct-text-block text_block\" >All boilers can be installed above or beneath habitable rooms.<br><\/div><h5 id=\"headline-14-209\" class=\"ct-headline body_headline\">Risk free<br><\/h5><div id=\"text_block-15-209\" class=\"ct-text-block text_block\" >High safety standards protect the EDE from any kind of explosion and guarantee thereby risk free working conditions.<br><\/div><h5 id=\"headline-16-209\" class=\"ct-headline body_headline\">Further advantages<br><\/h5><div id=\"text_block-17-209\" class=\"ct-text-block text_block\" >Kesselw\u00e4rterfrei, ger\u00e4uschlos und sauber<br><\/div><div id=\"text_block-18-209\" class=\"ct-text-block text_block\" >Der Einsatz von Elektrodampf - Erzeugern erfolgt dort, wo ausreichende Elektroenergie zur Verf\u00fcgung steht, oder in R\u00e4umen, wo es nicht m\u00f6glich ist, die Rauchgase von Gas- und \u00d6lbrennern abzuf\u00fchren. Die Herstellung erfolgt unter st\u00e4ndiger Kontrolle des T\u00dcV und unterliegt den bestehenden gesetzlichen Bestimmungen. Durch dickwandige Isolierungen werden die W\u00e4rmeverluste gering gehalten und somit ein hoher Wirkungsgrad erzielt.<br><\/div><h4 id=\"headline-19-209\" class=\"ct-headline\">Specialised models<br><\/h4><div id=\"_rich_text-20-209\" class=\"oxy-rich-text\" ><ul><li id=\"li_prd_norm\">Explosion safe construction<\/li><li id=\"li_prd_norm\">For high- and low pressure steam; For hot and cold water boiler<\/li><\/ul><\/div><\/div><\/section>","protected":false},"excerpt":{"rendered":"","protected":false},"author":1,"featured_media":0,"parent":66,"menu_order":0,"comment_status":"closed","ping_status":"closed","template":"","meta":{"footnotes":""},"categories":[13],"tags":[],"folder":[46],"_links":{"self":[{"href":"https:\/\/wti.at\/en\/wp-json\/wp\/v2\/pages\/209"}],"collection":[{"href":"https:\/\/wti.at\/en\/wp-json\/wp\/v2\/pages"}],"about":[{"href":"https:\/\/wti.at\/en\/wp-json\/wp\/v2\/types\/page"}],"author":[{"embeddable":true,"href":"https:\/\/wti.at\/en\/wp-json\/wp\/v2\/users\/1"}],"replies":[{"embeddable":true,"href":"https:\/\/wti.at\/en\/wp-json\/wp\/v2\/comments?post=209"}],"version-history":[{"count":0,"href":"https:\/\/wti.at\/en\/wp-json\/wp\/v2\/pages\/209\/revisions"}],"up":[{"embeddable":true,"href":"https:\/\/wti.at\/en\/wp-json\/wp\/v2\/pages\/66"}],"wp:attachment":[{"href":"https:\/\/wti.at\/en\/wp-json\/wp\/v2\/media?parent=209"}],"wp:term":[{"taxonomy":"category","embeddable":true,"href":"https:\/\/wti.at\/en\/wp-json\/wp\/v2\/categories?post=209"},{"taxonomy":"post_tag","embeddable":true,"href":"https:\/\/wti.at\/en\/wp-json\/wp\/v2\/tags?post=209"},{"taxonomy":"folder","embeddable":true,"href":"https:\/\/wti.at\/en\/wp-json\/wp\/v2\/folder?post=209"}],"curies":[{"name":"wp","href":"https:\/\/api.w.org\/{rel}","templated":true}]}}