{"id":395,"date":"2021-05-05T04:12:15","date_gmt":"2021-05-05T04:12:15","guid":{"rendered":"http:\/\/wti.at\/?page_id=395"},"modified":"2022-07-14T14:27:02","modified_gmt":"2022-07-14T14:27:02","slug":"datenschutzerklarung","status":"publish","type":"page","link":"https:\/\/wti.at\/en\/datenschutzerklarung\/","title":{"rendered":"Privacy Policy"},"content":{"rendered":"<p><strong>WTI w\u00e4rmetechnische Industrieanlagen Ges.m.b.H.<br><\/strong>Scheibbser Stra\u00dfe 2a, <br>3380 P\u00f6chlarn, <br>Austria<\/p>\n\n\n\n<p>Der Schutz Ihrer pers\u00f6nlichen Daten ist uns ein besonderes Anliegen. Wir verarbeiten Ihre Daten daher ausschlie\u00dflich auf Grundlage der gesetzlichen Bestimmungen (DSGVO, TKG 2003). In diesen Datenschutzinformationen informieren wir Sie \u00fcber die wichtigsten Aspekte der Datenverarbeitung im Rahmen unserer Website.<\/p>\n\n\n\n<h2 class=\"wp-block-heading\">Veranwortlicher<\/h2>\n\n\n\n<p>Verantwortlicher f\u00fcr die Datenverarbeitung ist die WTI w\u00e4rmetechnische Industrieanlagen Ges.m.b.H. mit Sitz in Scheibbser Stra\u00dfe 2a, 3380 P\u00f6chlarn. Sie erreichen uns telefonisch unter +43 2757 7745 81, per Mail unter wti.tb@aon.at oder postalisch unter der Anschrift Scheibbser Stra\u00dfe 2a, 3380 P\u00f6chlarn<\/p>\n\n\n\n<h2 class=\"wp-block-heading\">Datensicherheit<\/h2>\n\n\n\n<p>Wir treffen nach Ma\u00df des Art 32 DSGVO entsprechende Vorkehrungen zum Schutz Ihrer personenbezogenen Daten. Diese betreffen insbesondere den Schutz vor unerlaubtem, rechtswidrigem oder auch zuf\u00e4lligem Zugriff, Verarbeitung, Verlust, Verwendung und Manipulation.<\/p>\n\n\n\n<h2 class=\"wp-block-heading\">Webseite<\/h2>\n\n\n\n<h3 class=\"wp-block-heading\">Personenbezogene Daten, Zweck der Datenverarbeitung und Rechtsgrundlage<\/h3>\n\n\n\n<p>Personenbezogene Daten sind Angaben, die eindeutig einer Person zugeordnet werden k\u00f6nnen. Dazu geh\u00f6ren unter anderem Angaben wie vollst\u00e4ndiger Name, Anschrift, E-Mail und Telefonnummer. Beim einem Besuch unserer Website werden aus technischen Gr\u00fcnden automatisch weitere Daten erfasst (IP-Adresse, Beginn und Ende der Sitzung, Datum und Uhrzeit der Anfrage, angesteuerte Unterseite auf unserer Webseite, Art und Version des Browsers, Betriebssystem, Referrer URL). Diese technischen Informationen k\u00f6nnen im Einzelfall personenbezogene Daten sein. Im Regelfall verwenden wir diese technischen Informationen nur, wenn dies (aus technischen Gr\u00fcnden) f\u00fcr den Betrieb und Schutz unserer Website vor Angriffen und Missbrauch erforderlich ist sowie pseudonymisiert oder anonymisiert f\u00fcr statistische Zwecke.<\/p>\n\n\n\n<p>Zum Zweck der Vertragsabwicklung werden folgende Daten auch bei uns gespeichert: Vorname, Nachname, Adresse, E-Mail-Adresse, Telefonnummer, Firmenname, UID-Nummer. Die von Ihnen bereit gestellten Daten sind zur Vertragserf\u00fcllung bzw. zur Durchf\u00fchrung vorvertraglicher Ma\u00dfnahmen und zur ordnungsgem\u00e4\u00dfen Rechnungslegung erforderlich. Ohne diese Daten k\u00f6nnen wir den Vertrag mit Ihnen nicht abschlie\u00dfen.<\/p>\n\n\n\n<p>Wenn Sie per Anfrageformular auf der Website oder per E-Mail-Kontakt mit uns aufnehmen, werden Ihre angegebenen Daten (Vorname, Nachname, Adresse, Telefonnummer, E-Mailadresse) zwecks Bearbeitung der Anfrage und f\u00fcr den Fall von Anschlussfragen sechs Monate bei uns gespeichert. Diese Daten geben wir nicht ohne Ihre Einwilligung weiter. Eine Verarbeitung Ihrer personenbezogenen Daten f\u00fcr bestimmte Zwecke (z. B. Nutzung Ihrer E-Mail-Adresse f\u00fcr Newsletter, Werbung) kann auch aufgrund Ihrer Einwilligung erfolgen. Sie k\u00f6nnen Ihre Einwilligung mit Wirkung f\u00fcr die Zukunft jederzeit widerrufen. Dies gilt auch f\u00fcr den Widerruf von Einwilligungserkl\u00e4rungen, die vor der Geltung der DSGVO, uns gegen\u00fcber erteilt worden sind. \u00dcber die Zwecke und \u00fcber die Konsequenzen eines Widerrufs oder der Nichterteilung einer Einwilligung werden Sie gesondert im entsprechenden Text der Einwilligung informiert.<\/p>\n\n\n\n<p>Zur Erf\u00fcllung von Vertr\u00e4gen bzw. vorvertragliche Ma\u00dfnahmen und dar\u00fcber hinaus verarbeiten wir Ihre Daten (Vorname, Nachname, Adresse, Telefonnummer, E-Mailadresse) gegebenenfalls, wenn es erforderlich ist, um berechtigte Interessen von uns oder Dritten zu wahren, insbesondere f\u00fcr folgende Zwecke:<\/p>\n\n\n\n<ul><li>Beantwortung von Anfragen<\/li><li>Technische Administration<\/li><li>der Werbung oder Markt- und Meinungsforschung, soweit Sie der Nutzung Ihrer Daten nicht widersprochen haben<\/li><li>der Pr\u00fcfung und Optimierung von Verfahren zur Bedarfsanalyse<\/li><li>der Weiterentwicklung von Dienstleistungen und Produkten sowie bestehenden Systemen und Prozessen<\/li><li>statistischer Auswertungen oder der Marktanalyse<\/li><li>der Geltendmachung rechtlicher Anspr\u00fcche &amp; Verteidigung bei rechtlichen Streitigkeiten, die nicht unmittelbar dem Vertragsverh\u00e4ltnis zuzuordnen sind<\/li><li>der Verhinderung und Aufkl\u00e4rung von Straftaten, soweit nicht ausschlie\u00dflich zur Erf\u00fcllung gesetzlicher Vorgaben<\/li><\/ul>\n\n\n\n<p>Wir weisen darauf hin, dass zum Zweck des einfacheren Einkaufsvorganges und zur sp\u00e4teren Vertragsabwicklung vom Webshop-Betreiber im Rahmen von Cookies die IP-Daten des Anschlussinhabers gespeichert werden, ebenso wie Name, Anschrift und Kreditkartennummer des K\u00e4ufers.<\/p>\n\n\n\n<p>Die Rechtsgrundlagen der Datenverarbeitung sind:<\/p>\n\n\n\n<ul><li>Vertragsanbahnung- und Erf\u00fcllung gem\u00e4\u00df Art 6 Abs 1 lit b DSGVO<\/li><li>Ihre allf\u00e4llige Einwilligung gem\u00e4\u00df Art 6 Abs 1 lit a DSGVO<\/li><li>berechtigtes Interesse Art 6 Abs 1 lit f DSGVO<\/li><\/ul>\n\n\n\n<h3 class=\"wp-block-heading\">Speicherdauer<\/h3>\n\n\n\n<p>Die L\u00f6schung der gespeicherten personenbezogenen Daten erfolgt, wenn Sie als Nutzer unserer Website und\/oder Kunde die Einwilligung zur Speicherung widerrufen, wenn Ihre Daten zur Erf\u00fcllung des mit der Speicherung verfolgten Zwecks nicht mehr erforderlich sind und nach Ablauf der gesetzlichen Aufbewahrungspflichten bzw. nach Ablauf der Dauer allf\u00e4lliger dar\u00fcber hinaus andauernden Rechtsstreitigkeiten oder wenn Ihre Speicherung aus sonstigen gesetzlichen Gr\u00fcnden unzul\u00e4ssig ist bzw. wird.<\/p>\n\n\n\n<p>Nach Abbruch eines Einkaufsvorganges werden die bei uns gespeicherten Daten gel\u00f6scht. Im Falle eines Vertragsabschlusses werden s\u00e4mtliche Daten aus dem Vertragsverh\u00e4ltnis bis zum Ablauf der steuerrechtlichen Aufbewahrungsfrist (7 Jahre) gespeichert.<\/p>\n\n\n\n<p>Die Daten Name, Anschrift, gekaufte Waren und Kaufdatum werden bis zum Ablauf der Produkthaftung (10 Jahre) gespeichert. Die Datenverarbeitung erfolgt auf Basis der gesetzlichen Bestimmungen des \u00a7 96 Abs 3 TKG sowie des Art 6 Abs 1 lit a (Einwilligung) und\/oder lit b (notwendig zur Vertragserf\u00fcllung) der DSGVO.<\/p>\n\n\n\n<h3 class=\"wp-block-heading\">Weitergabe von Daten \/ Empf\u00e4nger bzw. Kategorien von Empf\u00e4ngern<\/h3>\n\n\n\n<p>Eine Weitergabe Ihrer Daten an externe Stellen erfolgt ausschlie\u00dflich im Zusammenhang mit der Vertragsabwicklung, zu Zwecken der Erf\u00fcllung gesetzlicher Vorgaben, nach denen wir zur Auskunft, Meldung oder Weitergabe von Daten verpflichtet sind oder sofern die Datenweitergabe im \u00f6ffentlichen Interesse liegt oder Sie zuvor eingewilligt haben. Sie haben das Recht, eine erteilte Einwilligung mit Wirkung auf die Zukunft jederzeit zu widerrufen.<\/p>\n\n\n\n<p>Personenbezogene Daten werden von uns an die nachfolgend bezeichneten Dritten weitergegeben bzw. \u00fcbermittelt:<\/p>\n\n\n\n<ul><li>Verschiedene Dienstleister oder Partnerunternehmen, die uns bei der Bestellabwicklung, bei der Versorgung der Kunden mit Informationen, Werbung und bei der Bereitstellung von Dienstleistungen unterst\u00fctzen, EDV Dienstleister und technische Verarbeiter (Auftragsverarbeiter gem\u00e4\u00df Art. 28 DS-GVO). Diese Unternehmen sind verpflichtet, s\u00e4mtliche Datenschutzbestimmungen einzuhalten. F\u00fcr die Auftragsdatenverarbeitung gelten strenge datenschutzrechtliche Vorschriften, insbesondere d\u00fcrfen diese Unternehmen die Daten ausschlie\u00dflich zur Erf\u00fcllung ihrer Aufgaben in unserem Auftrag nutzen. F\u00fcr die Einhaltung der datenschutzrechtlichen Vorschriften durch diese Unternehmen sind wir verantwortlich und haben wir entsprechende Auftragsverarbeitungsvereinbarungen mit den Dienstleistern geschlossen<\/li><li>\u00dcbermittlung der Kreditkartendaten an die abwickelnden Bankinstitute \/ Zahlungsdienstleister zum Zwecke der Abbuchung des Einkaufspreises<\/li><li>an das von uns beauftragte Transportunternehmen\/Versandunternehmen zur Zustellung der Ware sowie<\/li><li>an unseren Steuerberater zur Erf\u00fcllung unserer steuerrechtlichen Verpflichtungen<\/li><\/ul>\n\n\n\n<h2 class=\"wp-block-heading\">Cookies<\/h2>\n\n\n\n<p>Unsere Website verwendet so genannte Cookies. Wir nutzen Cookies dazu, unser Angebot nutzerfreundlich zu gestalten. Dabei handelt es sich um kleine Textdateien, die mit Hilfe des Browsers auf Ihrem Endger\u00e4t abgelegt werden. Sie richten keinen Schaden an. Wird der entsprechende Server unserer Website erneut von Ihnen aufgerufen, sendet Ihr Browser den zuvor empfangenen Cookie wieder zur\u00fcck an den Server. Der Server kann dann die durch diese Prozedur erhaltenen Informationen auf verschiedene Arten auswerten. Durch Cookies k\u00f6nnen zB Werbeeinblendungen gesteuert oder das Navigieren auf einer Internetseite erleichtert werden.<\/p>\n\n\n\n<p>Wenn Sie die Nutzung von Cookies unterbinden m\u00f6chten, so k\u00f6nnen Sie dies durch lokale Vornahme der \u00c4nderungen Ihrer Einstellungen in dem auf Ihrem Computer verwendeten Internetbrowser (zB Internet Explorer, Mozilla Firefox, Safari etc.) tun. Sie k\u00f6nnen Ihren Browser so einrichten, dass er Sie \u00fcber das Setzen von Cookies informiert und Sie dies nur im Einzelfall erlauben. Bei der Deaktivierung von Cookies kann zur Einschr\u00e4nkung der Funktionalit\u00e4t unserer Website kommen.<\/p>\n\n\n\n<h3 class=\"wp-block-heading\">Web-Analyse mit Google Analytics<\/h3>\n\n\n\n<p>Unsere Website verwendet Funktionen des Webanalysedienstes Google Analytics, einen Webanalysedienst der Google LLC (\u201eGoogle\u201c), Amphitheatre Parkway, Mountain View, CA 94043, USA. Die dabei erfassten Daten werden auch au\u00dferhalb der EU verarbeitet. Dazu werden Cookies verwendet, die eine Analyse der Benutzung der Website durch ihre Benutzer erm\u00f6glicht. Die dadurch erzeugten Informationen werden auf den Server des Anbieters \u00fcbertragen und dort gespeichert.<\/p>\n\n\n\n<p>Sie k\u00f6nnen dies verhindern, indem Sie Ihren Browser so einrichten, dass keine Cookies gespeichert werden.<\/p>\n\n\n\n<p>Im Falle der Aktivierung der IP-Anonymisierung \u00fcber ihren Browser, wird Ihre IP-Adresse von Google jedoch innerhalb von Mitgliedstaaten der Europ\u00e4ischen Union oder in anderen Vertragsstaaten des Abkommens \u00fcber den Europ\u00e4ischen Wirtschaftsraum zuvor gek\u00fcrzt. Dadurch ist nur mehr eine grobe Lokalisierung m\u00f6glich.<\/p>\n\n\n\n<p>Die Beziehung zum Webanalyseanbieter basiert auf den Standardvertragsklauseln der EU im Rahmen des Privacy Shield Abkommens. Weitere Informationen: Google Datenschutzerkl\u00e4rung &amp; Nutzungsbedingungen.<\/p>\n\n\n\n<p>Die Datenverarbeitung erfolgt auf Basis der gesetzlichen Bestimmungen des \u00a7 96 Abs 3 TKG sowie des Art 6 Abs 1 lit a (Einwilligung) und\/oder lit f (berechtigtes Interesse) der DSGVO.<\/p>\n\n\n\n<p>Unser Anliegen im Sinne der DSGVO (berechtigtes Interesse) ist die Verbesserung unseres Angebotes und unseres Webauftritts. Da uns die Privatsph\u00e4re unserer Nutzer wichtig ist, werden die Nutzerdaten pseudonymisiert.<\/p>\n\n\n\n<h3 class=\"wp-block-heading\">Verwendung von Google Fonts<\/h3>\n\n\n\n<p>Auf unserer Website und zur Erg\u00e4nzung unsere Onlineangebotes setzen wir den Drittanbieterdienst Google Fonts ein. Dies tun wir auf Basis unserer berechtigten Interessen (Art 6 Abs 1 lit f DSGVO), z.B. unserem Interesse an der Optimierung und dem wirtschaftlichen Betrieb unserer Onlineangebote. Diesr Dienst setzen voraus, dass die die IP-Adresse der Website-Besucher wahrgenommen wird. Ohne die IP-Adresse k\u00f6nnten die bezogenen Inhalte nicht an ihren Browser gesendet werden.<\/p>\n\n\n\n<p>Anbieter ist die Google LLC, 1600 Amphitheatre Parkway, Mountain View, CA 94043, USA. Deren Datenschutzrichtlinien finden Sie hier: www.google.com\/policies\/privacy\/. Ein Opt-out w\u00e4re hier m\u00f6glich: https:\/\/adssettings.google.com\/authenticated<\/p>\n\n\n\n<h2 class=\"wp-block-heading\">Ihre Rechte<\/h2>\n\n\n\n<p>Ihnen stehen grunds\u00e4tzlich die Rechte auf Auskunft, Berichtigung, L\u00f6schung, Einschr\u00e4nkung, Daten\u00fcbertragbarkeit, Widerruf und Widerspruch zu.<\/p>\n\n\n\n<p>Wenn Sie glauben, dass die Verarbeitung Ihrer Daten gegen das Datenschutzrecht verst\u00f6\u00dft oder Ihre datenschutzrechtlichen Anspr\u00fcche sonst in einer Weise verletzt worden sind, k\u00f6nnen Sie sich bei uns wti.tb@aon.at oder der Datenschutzbeh\u00f6rde beschweren.<\/p>","protected":false},"excerpt":{"rendered":"<p>WTI w\u00e4rmetechnische Industrieanlagen Ges.m.b.H.Scheibbser Stra\u00dfe 2a, 3380 P\u00f6chlarn, Austria Der Schutz Ihrer pers\u00f6nlichen Daten ist uns ein besonderes Anliegen. Wir verarbeiten Ihre Daten daher ausschlie\u00dflich auf Grundlage der gesetzlichen Bestimmungen (DSGVO, TKG 2003). In diesen Datenschutzinformationen informieren wir Sie \u00fcber die wichtigsten Aspekte der Datenverarbeitung im Rahmen unserer Website. Veranwortlicher Verantwortlicher f\u00fcr die Datenverarbeitung ist [&hellip;]<\/p>\n","protected":false},"author":1,"featured_media":0,"parent":0,"menu_order":0,"comment_status":"closed","ping_status":"closed","template":"","meta":{"footnotes":""},"categories":[],"tags":[],"folder":[],"_links":{"self":[{"href":"https:\/\/wti.at\/en\/wp-json\/wp\/v2\/pages\/395"}],"collection":[{"href":"https:\/\/wti.at\/en\/wp-json\/wp\/v2\/pages"}],"about":[{"href":"https:\/\/wti.at\/en\/wp-json\/wp\/v2\/types\/page"}],"author":[{"embeddable":true,"href":"https:\/\/wti.at\/en\/wp-json\/wp\/v2\/users\/1"}],"replies":[{"embeddable":true,"href":"https:\/\/wti.at\/en\/wp-json\/wp\/v2\/comments?post=395"}],"version-history":[{"count":0,"href":"https:\/\/wti.at\/en\/wp-json\/wp\/v2\/pages\/395\/revisions"}],"wp:attachment":[{"href":"https:\/\/wti.at\/en\/wp-json\/wp\/v2\/media?parent=395"}],"wp:term":[{"taxonomy":"category","embeddable":true,"href":"https:\/\/wti.at\/en\/wp-json\/wp\/v2\/categories?post=395"},{"taxonomy":"post_tag","embeddable":true,"href":"https:\/\/wti.at\/en\/wp-json\/wp\/v2\/tags?post=395"},{"taxonomy":"folder","embeddable":true,"href":"https:\/\/wti.at\/en\/wp-json\/wp\/v2\/folder?post=395"}],"curies":[{"name":"wp","href":"https:\/\/api.w.org\/{rel}","templated":true}]}}