{"id":476,"date":"2021-06-15T06:15:28","date_gmt":"2021-06-15T06:15:28","guid":{"rendered":"http:\/\/wti.at\/?page_id=476"},"modified":"2021-07-12T08:41:18","modified_gmt":"2021-07-12T08:41:18","slug":"indirekte-dampferzeuger-2","status":"publish","type":"page","link":"https:\/\/wti.at\/en\/indirekte-dampferzeuger-3\/indirekte-dampferzeuger-2\/","title":{"rendered":"Schwarzdampf\/Reindampf"},"content":{"rendered":"<section id=\"section-4-473\" class=\"ct-section\" style=\"background-image: radial-gradient( circle farthest-corner, rgba(153,153,153,0.6), rgba(255,255,255,0.6)), url(http:\/\/wti.at\/wp-content\/uploads\/2020\/04\/header1.jpg);background-size:auto,  cover;\" ><div class=\"ct-section-inner-wrap\"><h1 id=\"headline-22-473\" class=\"ct-headline\">Steam Generator with Indirect Heating<\/h1><\/div><\/section><section id=\"section-16-473\" class=\"ct-section\" ><div class=\"ct-section-inner-wrap\"><div id=\"div_block-12-473\" class=\"ct-div-block\" ><h2 id=\"headline-10-473\" class=\"ct-headline\">Schwarzdampf\/ Reindampf<\/h2><div id=\"text_block-11-473\" class=\"ct-text-block\" >Mittels im Schnelldampferzeuger erzeugten Schwarzdampf wird im Reindampfumformer Reindampf f\u00fcr h\u00f6chste Anspr\u00fcche bereitgestellt.<\/div><\/div><\/div><\/section>","protected":false},"excerpt":{"rendered":"","protected":false},"author":1,"featured_media":0,"parent":576,"menu_order":3,"comment_status":"closed","ping_status":"closed","template":"","meta":{"footnotes":""},"categories":[14],"tags":[],"folder":[],"_links":{"self":[{"href":"https:\/\/wti.at\/en\/wp-json\/wp\/v2\/pages\/476"}],"collection":[{"href":"https:\/\/wti.at\/en\/wp-json\/wp\/v2\/pages"}],"about":[{"href":"https:\/\/wti.at\/en\/wp-json\/wp\/v2\/types\/page"}],"author":[{"embeddable":true,"href":"https:\/\/wti.at\/en\/wp-json\/wp\/v2\/users\/1"}],"replies":[{"embeddable":true,"href":"https:\/\/wti.at\/en\/wp-json\/wp\/v2\/comments?post=476"}],"version-history":[{"count":0,"href":"https:\/\/wti.at\/en\/wp-json\/wp\/v2\/pages\/476\/revisions"}],"up":[{"embeddable":true,"href":"https:\/\/wti.at\/en\/wp-json\/wp\/v2\/pages\/576"}],"wp:attachment":[{"href":"https:\/\/wti.at\/en\/wp-json\/wp\/v2\/media?parent=476"}],"wp:term":[{"taxonomy":"category","embeddable":true,"href":"https:\/\/wti.at\/en\/wp-json\/wp\/v2\/categories?post=476"},{"taxonomy":"post_tag","embeddable":true,"href":"https:\/\/wti.at\/en\/wp-json\/wp\/v2\/tags?post=476"},{"taxonomy":"folder","embeddable":true,"href":"https:\/\/wti.at\/en\/wp-json\/wp\/v2\/folder?post=476"}],"curies":[{"name":"wp","href":"https:\/\/api.w.org\/{rel}","templated":true}]}}