{"id":506,"date":"2021-06-15T07:08:29","date_gmt":"2021-06-15T07:08:29","guid":{"rendered":"http:\/\/wti.at\/?page_id=506"},"modified":"2023-04-19T11:22:02","modified_gmt":"2023-04-19T11:22:02","slug":"rohrbundelwarmetauscher","status":"publish","type":"page","link":"https:\/\/wti.at\/en\/heiswasserwarmetauscher\/rohrbundelwarmetauscher\/","title":{"rendered":"Rohrb\u00fcndelw\u00e4rmetauscher"},"content":{"rendered":"<section id=\"section-4-473\" class=\"ct-section\" style=\"background-image: radial-gradient( circle farthest-corner, rgba(153,153,153,0.6), rgba(255,255,255,0.6)), url(http:\/\/wti.at\/wp-content\/uploads\/2020\/04\/header1.jpg);background-size:auto,  cover;\" ><div class=\"ct-section-inner-wrap\"><h1 id=\"headline-22-473\" class=\"ct-headline\">Hei\u00dfwasserw\u00e4rmetauscher<\/h1><\/div><\/section><section id=\"section-16-473\" class=\"ct-section\" ><div class=\"ct-section-inner-wrap\"><div id=\"div_block-12-473\" class=\"ct-div-block\" ><h2 id=\"headline-10-473\" class=\"ct-headline\">Rohrb\u00fcndelw\u00e4rmetauscher<\/h2><div id=\"text_block-11-473\" class=\"ct-text-block\" >An die W\u00e4rmetr\u00e4geranlage kann ein eigener W\u00e4rmetr\u00e4ger\u00f6lkreis mit moderner Kaskadenregelung (zur Verhinderung von \u00dcberhitzung) zur Versorgung eines Rohrb\u00fcndelw\u00e4rmetauschers angeschlossen werden.&nbsp;<div><br><\/div><div>Kosteng\u00fcnstige Alternative zu einem herk\u00f6mmlichen Warmwasserkessel. <br><\/div><div><br><\/div><div><div class=\"grid-plus-container grid-69ece76a1da2b attachment\"\n     id=\"69ece76a1da2b\"\n     data-grid-name=\"RBWTNEU\"\n     data-animation=\"fadeInUp\">\n    <div class=\"grid-stack-container grid-plus-inner\"\n         data-ajax-url=\"https:\/\/wti.at\/wp-admin\/admin-ajax.php\"\n         data-grid-id=\"643fce3f56b93\"\n         data-current-category=\"\"\n         data-section-id=\"69ece76a1da2b\"\n         data-gutter=\"0\"\n         data-columns=\"4\"\n         data-height-ratio=\"1\"\n         data-width-ratio=\"1\"\n         data-desktop-columns=\"4\"\n         data-tablet-columns=\"2\"\n         data-mobile-columns=\"1\"\n         data-layout-type=\"grid\"\n         data-fix-item-height=\"false\"\n         data-nonce=\"96ba09f101\"\n    >\n        \n        <div class=\"grid-stack grid-stack-4\" data-layout=\"grid\"\n             style=\"height: 980px\">\n        <\/div>\n        <div class=\"grid-items\">\n                            <div class=\"item\" data-gs-x=\"0\"\n                     data-gs-y=\"0\"\n                     data-gs-width=\"1\"\n                     data-gs-height=\"49\"\n                     data-skin=\"thumbnail\"\n\n                     data-desktop-gs-x=\"0\"\n                     data-desktop-gs-y=\"0\"\n                     data-desktop-gs-width=\"1\"\n                     data-desktop-gs-height=\"49\"\n                     data-desktop-skin=\"thumbnail\"\n\n                     data-image-width=\"1200\"\n                     data-image-height=\"801\"\n                >\n                    <div class=\"grid-post-item thumbnail\" data-thumbnail-only=\"1\">\n    <div class=\"thumbnail-image\" data-img=\"https:\/\/wti.at\/wp-content\/uploads\/2021\/03\/IMGP2748.jpg\">\n                    <img decoding=\"async\" src=\"https:\/\/wti.at\/wp-content\/uploads\/2021\/03\/IMGP2748.jpg\" alt=\"IMGP2748\" >\n            <\/div>\n<\/div>\n                <\/div>\n                                <div class=\"item\" data-gs-x=\"1\"\n                     data-gs-y=\"0\"\n                     data-gs-width=\"1\"\n                     data-gs-height=\"49\"\n                     data-skin=\"thumbnail\"\n\n                     data-desktop-gs-x=\"1\"\n                     data-desktop-gs-y=\"0\"\n                     data-desktop-gs-width=\"1\"\n                     data-desktop-gs-height=\"49\"\n                     data-desktop-skin=\"thumbnail\"\n\n                     data-image-width=\"1200\"\n                     data-image-height=\"801\"\n                >\n                    <div class=\"grid-post-item thumbnail\" data-thumbnail-only=\"1\">\n    <div class=\"thumbnail-image\" data-img=\"https:\/\/wti.at\/wp-content\/uploads\/2021\/03\/IMGP2746.jpg\">\n                    <img decoding=\"async\" src=\"https:\/\/wti.at\/wp-content\/uploads\/2021\/03\/IMGP2746.jpg\" alt=\"IMGP2746\" >\n            <\/div>\n<\/div>\n                <\/div>\n                                <div class=\"item\" data-gs-x=\"2\"\n                     data-gs-y=\"0\"\n                     data-gs-width=\"1\"\n                     data-gs-height=\"49\"\n                     data-skin=\"thumbnail\"\n\n                     data-desktop-gs-x=\"2\"\n                     data-desktop-gs-y=\"0\"\n                     data-desktop-gs-width=\"1\"\n                     data-desktop-gs-height=\"49\"\n                     data-desktop-skin=\"thumbnail\"\n\n                     data-image-width=\"1200\"\n                     data-image-height=\"675\"\n                >\n                    <div class=\"grid-post-item thumbnail\" data-thumbnail-only=\"1\">\n    <div class=\"thumbnail-image\" data-img=\"https:\/\/wti.at\/wp-content\/uploads\/2021\/03\/20201104_154654.jpg\">\n                    <img decoding=\"async\" src=\"https:\/\/wti.at\/wp-content\/uploads\/2021\/03\/20201104_154654.jpg\" alt=\"20201104_154654\" >\n            <\/div>\n<\/div>\n                <\/div>\n                                <div class=\"item\" data-gs-x=\"3\"\n                     data-gs-y=\"0\"\n                     data-gs-width=\"1\"\n                     data-gs-height=\"49\"\n                     data-skin=\"thumbnail\"\n\n                     data-desktop-gs-x=\"3\"\n                     data-desktop-gs-y=\"0\"\n                     data-desktop-gs-width=\"1\"\n                     data-desktop-gs-height=\"49\"\n                     data-desktop-skin=\"thumbnail\"\n\n                     data-image-width=\"1200\"\n                     data-image-height=\"675\"\n                >\n                    <div class=\"grid-post-item thumbnail\" data-thumbnail-only=\"1\">\n    <div class=\"thumbnail-image\" data-img=\"https:\/\/wti.at\/wp-content\/uploads\/2021\/03\/20200923_131453.jpg\">\n                    <img decoding=\"async\" src=\"https:\/\/wti.at\/wp-content\/uploads\/2021\/03\/20200923_131453.jpg\" alt=\"20200923_131453\" >\n            <\/div>\n<\/div>\n                <\/div>\n                        <\/div>\n\n            <\/div>\n<\/div>\n<\/div><\/div><\/div><\/div><\/section>","protected":false},"excerpt":{"rendered":"","protected":false},"author":1,"featured_media":0,"parent":575,"menu_order":2,"comment_status":"closed","ping_status":"closed","template":"","meta":{"footnotes":""},"categories":[49],"tags":[],"folder":[],"_links":{"self":[{"href":"https:\/\/wti.at\/en\/wp-json\/wp\/v2\/pages\/506"}],"collection":[{"href":"https:\/\/wti.at\/en\/wp-json\/wp\/v2\/pages"}],"about":[{"href":"https:\/\/wti.at\/en\/wp-json\/wp\/v2\/types\/page"}],"author":[{"embeddable":true,"href":"https:\/\/wti.at\/en\/wp-json\/wp\/v2\/users\/1"}],"replies":[{"embeddable":true,"href":"https:\/\/wti.at\/en\/wp-json\/wp\/v2\/comments?post=506"}],"version-history":[{"count":0,"href":"https:\/\/wti.at\/en\/wp-json\/wp\/v2\/pages\/506\/revisions"}],"up":[{"embeddable":true,"href":"https:\/\/wti.at\/en\/wp-json\/wp\/v2\/pages\/575"}],"wp:attachment":[{"href":"https:\/\/wti.at\/en\/wp-json\/wp\/v2\/media?parent=506"}],"wp:term":[{"taxonomy":"category","embeddable":true,"href":"https:\/\/wti.at\/en\/wp-json\/wp\/v2\/categories?post=506"},{"taxonomy":"post_tag","embeddable":true,"href":"https:\/\/wti.at\/en\/wp-json\/wp\/v2\/tags?post=506"},{"taxonomy":"folder","embeddable":true,"href":"https:\/\/wti.at\/en\/wp-json\/wp\/v2\/folder?post=506"}],"curies":[{"name":"wp","href":"https:\/\/api.w.org\/{rel}","templated":true}]}}