{"id":511,"date":"2021-06-15T07:21:25","date_gmt":"2021-06-15T07:21:25","guid":{"rendered":"http:\/\/wti.at\/?page_id=511"},"modified":"2021-06-18T14:36:35","modified_gmt":"2021-06-18T14:36:35","slug":"biomassekessel","status":"publish","type":"page","link":"https:\/\/wti.at\/en\/produkte\/biomassekessel\/","title":{"rendered":"Biomassekessel"},"content":{"rendered":"<section id=\"section-4-473\" class=\"ct-section\" style=\"background-image: radial-gradient( circle farthest-corner, rgba(153,153,153,0.6), rgba(255,255,255,0.6)), url(http:\/\/wti.at\/wp-content\/uploads\/2020\/04\/header1.jpg);background-size:auto,  cover;\" ><div class=\"ct-section-inner-wrap\"><h1 id=\"headline-22-473\" class=\"ct-headline\">Biomassekessel<\/h1><\/div><\/section><section id=\"section-16-473\" class=\"ct-section\" ><div class=\"ct-section-inner-wrap\"><div id=\"div_block-12-473\" class=\"ct-div-block\" ><h2 id=\"headline-10-473\" class=\"ct-headline\">Biomassekessel<\/h2><div id=\"text_block-11-473\" class=\"ct-text-block\" >Der Erhitzer besteht aus einer zylindrischen Strahlungskammer, die aus dicht aneinander gewickelten Rohren besteht. Ein weiteres Rohrsystem, das die Brennkammer umfasst bildet die Nachschaltheizfl\u00e4che.&nbsp;<div><br><\/div><div>Der obere Teil und Mantel ist mit mehreren Reinigungs\u00f6ffnungen und Druckluftreinigungsd\u00fcsen ausger\u00fcstet.\n<\/div><\/div><\/div><\/div><\/section>","protected":false},"excerpt":{"rendered":"","protected":false},"author":1,"featured_media":0,"parent":66,"menu_order":0,"comment_status":"closed","ping_status":"closed","template":"","meta":{"footnotes":""},"categories":[50],"tags":[],"folder":[],"_links":{"self":[{"href":"https:\/\/wti.at\/en\/wp-json\/wp\/v2\/pages\/511"}],"collection":[{"href":"https:\/\/wti.at\/en\/wp-json\/wp\/v2\/pages"}],"about":[{"href":"https:\/\/wti.at\/en\/wp-json\/wp\/v2\/types\/page"}],"author":[{"embeddable":true,"href":"https:\/\/wti.at\/en\/wp-json\/wp\/v2\/users\/1"}],"replies":[{"embeddable":true,"href":"https:\/\/wti.at\/en\/wp-json\/wp\/v2\/comments?post=511"}],"version-history":[{"count":0,"href":"https:\/\/wti.at\/en\/wp-json\/wp\/v2\/pages\/511\/revisions"}],"up":[{"embeddable":true,"href":"https:\/\/wti.at\/en\/wp-json\/wp\/v2\/pages\/66"}],"wp:attachment":[{"href":"https:\/\/wti.at\/en\/wp-json\/wp\/v2\/media?parent=511"}],"wp:term":[{"taxonomy":"category","embeddable":true,"href":"https:\/\/wti.at\/en\/wp-json\/wp\/v2\/categories?post=511"},{"taxonomy":"post_tag","embeddable":true,"href":"https:\/\/wti.at\/en\/wp-json\/wp\/v2\/tags?post=511"},{"taxonomy":"folder","embeddable":true,"href":"https:\/\/wti.at\/en\/wp-json\/wp\/v2\/folder?post=511"}],"curies":[{"name":"wp","href":"https:\/\/api.w.org\/{rel}","templated":true}]}}