{"id":517,"date":"2021-06-15T07:30:17","date_gmt":"2021-06-15T07:30:17","guid":{"rendered":"http:\/\/wti.at\/?page_id=517"},"modified":"2023-04-19T12:48:44","modified_gmt":"2023-04-19T12:48:44","slug":"schaltschranke","status":"publish","type":"page","link":"https:\/\/wti.at\/en\/zubehor\/schaltschranke\/","title":{"rendered":"Switchboards"},"content":{"rendered":"<section id=\"section-4-473\" class=\"ct-section\" style=\"background-image: radial-gradient( circle farthest-corner, rgba(153,153,153,0.6), rgba(255,255,255,0.6)), url(http:\/\/wti.at\/wp-content\/uploads\/2020\/04\/header1.jpg);background-size:auto,  cover;\" ><div class=\"ct-section-inner-wrap\"><h1 id=\"headline-22-473\" class=\"ct-headline\">Accessories<\/h1><\/div><\/section><section id=\"section-16-473\" class=\"ct-section\" ><div class=\"ct-section-inner-wrap\"><div id=\"div_block-12-473\" class=\"ct-div-block\" ><h2 id=\"headline-10-473\" class=\"ct-headline\">Switchboards<\/h2><div id=\"text_block-11-473\" class=\"ct-text-block\" >Planung und Bau eigener Schaltschr\u00e4nke f\u00fcr W\u00e4rmetr\u00e4ger\u00f6lanlagen und Schnelldampferzeuger.&nbsp;<div>Steuerung\/Regelung mit Kompaktreglern oder Siemens SPS.&nbsp;<\/div><div><br><\/div><div>Die Konfiguration bzw. Programmierung wird kundenspezifisch an die Erfordernisse der jeweiligen Anlage angepasst. \nDer Einsatz einer SPS erm\u00f6glicht auch die Einbindung komplexer Sekund\u00e4rkreise in die Steuerung\/Regelung.\nKommunikation mit Geb\u00e4udeleittechnik \u00fcber g\u00e4ngige Bus-Systeme.\nIntuitive Bedienung und Visualisierung der Anlage auf graphischem Touchpanel.<\/div><div><br><\/div><\/div><\/div><\/div><\/section>","protected":false},"excerpt":{"rendered":"","protected":false},"author":1,"featured_media":0,"parent":574,"menu_order":1,"comment_status":"closed","ping_status":"closed","template":"","meta":{"footnotes":""},"categories":[27],"tags":[],"folder":[],"_links":{"self":[{"href":"https:\/\/wti.at\/en\/wp-json\/wp\/v2\/pages\/517"}],"collection":[{"href":"https:\/\/wti.at\/en\/wp-json\/wp\/v2\/pages"}],"about":[{"href":"https:\/\/wti.at\/en\/wp-json\/wp\/v2\/types\/page"}],"author":[{"embeddable":true,"href":"https:\/\/wti.at\/en\/wp-json\/wp\/v2\/users\/1"}],"replies":[{"embeddable":true,"href":"https:\/\/wti.at\/en\/wp-json\/wp\/v2\/comments?post=517"}],"version-history":[{"count":0,"href":"https:\/\/wti.at\/en\/wp-json\/wp\/v2\/pages\/517\/revisions"}],"up":[{"embeddable":true,"href":"https:\/\/wti.at\/en\/wp-json\/wp\/v2\/pages\/574"}],"wp:attachment":[{"href":"https:\/\/wti.at\/en\/wp-json\/wp\/v2\/media?parent=517"}],"wp:term":[{"taxonomy":"category","embeddable":true,"href":"https:\/\/wti.at\/en\/wp-json\/wp\/v2\/categories?post=517"},{"taxonomy":"post_tag","embeddable":true,"href":"https:\/\/wti.at\/en\/wp-json\/wp\/v2\/tags?post=517"},{"taxonomy":"folder","embeddable":true,"href":"https:\/\/wti.at\/en\/wp-json\/wp\/v2\/folder?post=517"}],"curies":[{"name":"wp","href":"https:\/\/api.w.org\/{rel}","templated":true}]}}