{"id":523,"date":"2021-06-15T07:32:17","date_gmt":"2021-06-15T07:32:17","guid":{"rendered":"http:\/\/wti.at\/?page_id=523"},"modified":"2021-07-12T08:58:54","modified_gmt":"2021-07-12T08:58:54","slug":"kompaktanlage-im-container","status":"publish","type":"page","link":"https:\/\/wti.at\/en\/zubehor\/kompaktanlage-im-container\/","title":{"rendered":"Kompaktanlage im Container"},"content":{"rendered":"<section id=\"section-4-473\" class=\"ct-section\" style=\"background-image: radial-gradient( circle farthest-corner, rgba(153,153,153,0.6), rgba(255,255,255,0.6)), url(http:\/\/wti.at\/wp-content\/uploads\/2020\/04\/header1.jpg);background-size:auto,  cover;\" ><div class=\"ct-section-inner-wrap\"><h1 id=\"headline-22-473\" class=\"ct-headline\">Accessories<\/h1><\/div><\/section><section id=\"section-16-473\" class=\"ct-section\" ><div class=\"ct-section-inner-wrap\"><div id=\"div_block-12-473\" class=\"ct-div-block\" ><h2 id=\"headline-10-473\" class=\"ct-headline\">Kompaktanlage im Container<\/h2><div id=\"text_block-11-473\" class=\"ct-text-block\" >W\u00e4rmetr\u00e4ger\u00f6lanlagen bis ca. 2 MW k\u00f6nnen als Kompaktanlage inklusive Pumpengruppe und Schaltschrank im 20 Fu\u00df Container komplett vormontiert geliefert werden. \nDas erforderliche Ausdehnungsgef\u00e4\u00df wird am Dach montiert.<div><br><\/div><div>Schnelldampferzeuger bis ca. 1500 kg Dampf\/h k\u00f6nnen als Kompaktanlage inklusive Speisewassertank und Schaltschrank im 20 Fu\u00df Container geliefert werden. \n<\/div><\/div><\/div><\/div><\/section>","protected":false},"excerpt":{"rendered":"","protected":false},"author":1,"featured_media":0,"parent":574,"menu_order":4,"comment_status":"closed","ping_status":"closed","template":"","meta":{"footnotes":""},"categories":[27],"tags":[],"folder":[],"_links":{"self":[{"href":"https:\/\/wti.at\/en\/wp-json\/wp\/v2\/pages\/523"}],"collection":[{"href":"https:\/\/wti.at\/en\/wp-json\/wp\/v2\/pages"}],"about":[{"href":"https:\/\/wti.at\/en\/wp-json\/wp\/v2\/types\/page"}],"author":[{"embeddable":true,"href":"https:\/\/wti.at\/en\/wp-json\/wp\/v2\/users\/1"}],"replies":[{"embeddable":true,"href":"https:\/\/wti.at\/en\/wp-json\/wp\/v2\/comments?post=523"}],"version-history":[{"count":0,"href":"https:\/\/wti.at\/en\/wp-json\/wp\/v2\/pages\/523\/revisions"}],"up":[{"embeddable":true,"href":"https:\/\/wti.at\/en\/wp-json\/wp\/v2\/pages\/574"}],"wp:attachment":[{"href":"https:\/\/wti.at\/en\/wp-json\/wp\/v2\/media?parent=523"}],"wp:term":[{"taxonomy":"category","embeddable":true,"href":"https:\/\/wti.at\/en\/wp-json\/wp\/v2\/categories?post=523"},{"taxonomy":"post_tag","embeddable":true,"href":"https:\/\/wti.at\/en\/wp-json\/wp\/v2\/tags?post=523"},{"taxonomy":"folder","embeddable":true,"href":"https:\/\/wti.at\/en\/wp-json\/wp\/v2\/folder?post=523"}],"curies":[{"name":"wp","href":"https:\/\/api.w.org\/{rel}","templated":true}]}}