{"id":743,"date":"2023-07-25T13:24:39","date_gmt":"2023-07-25T13:24:39","guid":{"rendered":"https:\/\/wti.at\/?page_id=743"},"modified":"2023-07-25T13:28:13","modified_gmt":"2023-07-25T13:28:13","slug":"servicetechniker-anlagentechniker-m-w-d","status":"publish","type":"page","link":"https:\/\/wti.at\/en\/jobs\/servicetechniker-anlagentechniker-m-w-d\/","title":{"rendered":"Servicetechniker\/Anlagentechniker (m\/w\/d)"},"content":{"rendered":"<p>Zur Verst\u00e4rkung unseres Servicedienstes f\u00fcr suchen wir zum n\u00e4chstm\u00f6glichen Zeitpunkt einen Servicetechniker (m\/w\/d) am Standort P\u00f6chlarn.<\/p>\n\n\n\n<p><strong>Ihre Aufgaben:<\/strong><\/p>\n\n\n\n<ul><li>Wartung und St\u00f6rungsbehebung\u00a0von W\u00e4rmetr\u00e4ger\u00f6lerhitzern und Schnelldampferzeugern\u00a0bei unseren Kunden aus Gewerbe und Industrie im Raum Wien, Nieder\u00f6sterreich, Ober\u00f6sterreich (wochenweise ggf. auch ganz \u00d6sterreich oder Nachbarl\u00e4nder)<\/li><li>Schaltschrankbau am Standort P\u00f6chlarn<\/li><li>Ersatzteilmanagement<\/li><\/ul>\n\n\n\n<p><strong>Sie besitzen<\/strong><\/p>\n\n\n\n<ul><li>eine abgeschlossene Ausbildung (Lehre, Fachschule, HTL)<\/li><li>solide Grundkenntnisse in Elektrotechnik und Steuerungstechnik<\/li><li>einschl\u00e4gige Erfahrung in Service und Wartung<\/li><li>F\u00fchrerschein der Gruppe B<\/li><li>Reisebereitschaft<\/li><\/ul>\n\n\n\n<p><strong>Wir bieten<\/strong><\/p>\n\n\n\n<ul><li>eine abwechslungsreiche\u00a0T\u00e4tigkeit bei einem verl\u00e4sslichen Arbeitgeber<\/li><li>Mitarbeit in einem erfahrenen Team<\/li><li>Flache Hierarchien und sehr gutes Betriebsklima<\/li><li>Eingehende Schulung durch einen Kollegen auf Kundenanlagen<\/li><li>Vollzeitstelle (38,5 Std\/Woche) mit der M\u00f6glichkeit zur individuellen Einteilung der Arbeitszeit<\/li><li>Nutzung des Firmenfahrzeuges zur An- und Abreise zum Unternehmen<\/li><li>einen Mindestbruttolohn von \u20ac 2.600,-- plus Di\u00e4ten mit der Bereitschaft zur \u00dcberzahlung abh\u00e4ngig von beruflicher Qualifikation und Erfahrung<\/li><\/ul>\n\n\n\n<p>F\u00fcr weitere Informationen stehen wir Ihnen gerne zur Verf\u00fcgung und freuen uns auf Ihre Bewerbung.<\/p>\n\n\n\n<p><strong>Ansprechpartner:<\/strong><\/p>\n\n\n\n<p>WTI w\u00e4rmetechnische Industrieanlagen GesmbH<br>Scheibbserstra\u00dfe\u00a02a, 3380 P\u00f6chlarn<br>Michaela Neulinger, 02757 7745 74<\/p>","protected":false},"excerpt":{"rendered":"<p>Zur Verst\u00e4rkung unseres Servicedienstes f\u00fcr suchen wir zum n\u00e4chstm\u00f6glichen Zeitpunkt einen Servicetechniker (m\/w\/d) am Standort P\u00f6chlarn. Ihre Aufgaben: Wartung und St\u00f6rungsbehebung\u00a0von W\u00e4rmetr\u00e4ger\u00f6lerhitzern und Schnelldampferzeugern\u00a0bei unseren Kunden aus Gewerbe und Industrie im Raum Wien, Nieder\u00f6sterreich, Ober\u00f6sterreich (wochenweise ggf. auch ganz \u00d6sterreich oder Nachbarl\u00e4nder) Schaltschrankbau am Standort P\u00f6chlarn Ersatzteilmanagement Sie besitzen eine abgeschlossene Ausbildung (Lehre, Fachschule, HTL) [&hellip;]<\/p>\n","protected":false},"author":7,"featured_media":0,"parent":398,"menu_order":0,"comment_status":"closed","ping_status":"closed","template":"","meta":{"footnotes":""},"categories":[],"tags":[],"folder":[],"_links":{"self":[{"href":"https:\/\/wti.at\/en\/wp-json\/wp\/v2\/pages\/743"}],"collection":[{"href":"https:\/\/wti.at\/en\/wp-json\/wp\/v2\/pages"}],"about":[{"href":"https:\/\/wti.at\/en\/wp-json\/wp\/v2\/types\/page"}],"author":[{"embeddable":true,"href":"https:\/\/wti.at\/en\/wp-json\/wp\/v2\/users\/7"}],"replies":[{"embeddable":true,"href":"https:\/\/wti.at\/en\/wp-json\/wp\/v2\/comments?post=743"}],"version-history":[{"count":0,"href":"https:\/\/wti.at\/en\/wp-json\/wp\/v2\/pages\/743\/revisions"}],"up":[{"embeddable":true,"href":"https:\/\/wti.at\/en\/wp-json\/wp\/v2\/pages\/398"}],"wp:attachment":[{"href":"https:\/\/wti.at\/en\/wp-json\/wp\/v2\/media?parent=743"}],"wp:term":[{"taxonomy":"category","embeddable":true,"href":"https:\/\/wti.at\/en\/wp-json\/wp\/v2\/categories?post=743"},{"taxonomy":"post_tag","embeddable":true,"href":"https:\/\/wti.at\/en\/wp-json\/wp\/v2\/tags?post=743"},{"taxonomy":"folder","embeddable":true,"href":"https:\/\/wti.at\/en\/wp-json\/wp\/v2\/folder?post=743"}],"curies":[{"name":"wp","href":"https:\/\/api.w.org\/{rel}","templated":true}]}}